{"id":2940,"date":"2016-09-26T07:39:36","date_gmt":"2016-09-26T04:39:36","guid":{"rendered":"https:\/\/constellations.org.il\/stage\/?page_id=2940&#038;lang=en"},"modified":"2023-01-30T13:39:54","modified_gmt":"2023-01-30T11:39:54","slug":"bert-hellinger","status":"publish","type":"page","link":"https:\/\/the-constellations-path.com\/en\/bert-hellinger\/","title":{"rendered":"Bert Hellinger"},"content":{"rendered":"<h2 dir=\"ltr\"><a href=\"https:\/\/constellations.org.il\/stage\/wp-content\/uploads\/Bert_Hellinger.jpg\"><img fetchpriority=\"high\" decoding=\"async\" class=\"alignleft size-medium wp-image-1722\" src=\"https:\/\/constellations.org.il\/stage\/wp-content\/uploads\/Bert_Hellinger-208x300.jpg\" alt=\"Bert_Hellinger\" width=\"208\" height=\"300\" srcset=\"https:\/\/the-constellations-path.com\/wp-content\/uploads\/Bert_Hellinger-208x300.jpg 208w, https:\/\/the-constellations-path.com\/wp-content\/uploads\/Bert_Hellinger-600x865.jpg 600w, https:\/\/the-constellations-path.com\/wp-content\/uploads\/Bert_Hellinger-709x1024.jpg 709w, https:\/\/the-constellations-path.com\/wp-content\/uploads\/Bert_Hellinger.jpg 832w\" sizes=\"(max-width: 208px) 100vw, 208px\" \/><\/a><\/h2>\n<p dir=\"ltr\">Anton Hellinger was born into a Catholic family in Germany in 1925. Hellinger states that his parents&#8217; &#8220;particular form of [Catholic] faith provided the entire family with immunity against believing the distortions of National Socialism.&#8221;&nbsp;At age 10, he left his family to attend a Catholic monastery school run by the Order in which he was later ordained and that sent him to <a title=\"South Africa\" href=\"https:\/\/en.wikipedia.org\/wiki\/South_Africa\">South Africa<\/a> as a missionary.<\/p>\n<p dir=\"ltr\">The local <a title=\"Hitler Youth\" href=\"https:\/\/en.wikipedia.org\/wiki\/Hitler_Youth\">Hitler Youth<\/a> Organization tried without success to recruit the teenage Bert Hellinger. This resulted in his being classified as &#8216;Suspected of Being an Enemy of the People&#8217;&nbsp;In 1942, Hellinger was conscripted into the regular German army. He saw combat on the Western front. In 1945, he was captured and imprisoned in an Allied <a class=\"mw-redirect\" title=\"P.O.W.\" href=\"https:\/\/en.wikipedia.org\/wiki\/P.O.W.\">P.O.W.<\/a>camp in Belgium. After escaping from the P.O.W. camp, Hellinger made his way back to Germany. Hellinger entered a <a class=\"mw-redirect\" title=\"Catholic\" href=\"https:\/\/en.wikipedia.org\/wiki\/Catholic\">Catholic<\/a> religious order, taking the religious name Suitbert, which is the source of his first name &#8220;Bert&#8221;. He studied <a title=\"Philosophy\" href=\"https:\/\/en.wikipedia.org\/wiki\/Philosophy\">philosophy<\/a> and <a title=\"Theology\" href=\"https:\/\/en.wikipedia.org\/wiki\/Theology\">theology<\/a> at the <a title=\"University of W\u00fcrzburg\" href=\"https:\/\/en.wikipedia.org\/wiki\/University_of_W%C3%BCrzburg\">University of W\u00fcrzburg<\/a> en route to his ordination as a priest. In the early 1950s, he was dispatched to <a title=\"South Africa\" href=\"https:\/\/en.wikipedia.org\/wiki\/South_Africa\">South Africa<\/a> where he was assigned to be a missionary to the <a class=\"mw-redirect\" title=\"Zulus\" href=\"https:\/\/en.wikipedia.org\/wiki\/Zulus\">Zulus<\/a>. There he continued his studies at the University of Pietermaritzburg and the <a title=\"University of South Africa\" href=\"https:\/\/en.wikipedia.org\/wiki\/University_of_South_Africa\">University of South Africa<\/a> where he received a B.A. and a University Education Diploma, which entitled him to teach at public high schools.<\/p>\n<p dir=\"ltr\">Hellinger lived in South Africa for 16 years. During these years he served as a parish priest, teacher and, finally, as headmaster of a large school for African students. He also had administrative responsibility for the entire diocesan district containing 150 schools. He became fluent in the <a title=\"Zulu language\" href=\"https:\/\/en.wikipedia.org\/wiki\/Zulu_language\">Zulu language<\/a>, participated in their rituals, and gained an appreciation for their distinct worldview.<\/p>\n<p dir=\"ltr\">His participation in a series of interracial, ecumenical trainings in <a title=\"Group dynamics\" href=\"https:\/\/en.wikipedia.org\/wiki\/Group_dynamics\">group dynamics<\/a> led by Anglican clergy in South Africa in the early 1960s laid the groundwork for his leaving the Catholic priesthood. The trainers worked from a <a title=\"Phenomenology (psychology)\" href=\"https:\/\/en.wikipedia.org\/wiki\/Phenomenology_(psychology)\">phenomenological<\/a> orientation. They were concerned with recognizing what is essential out of all the diversity present, without intention, without fear, without preconceptions, relying purely on what appears.<sup id=\"cite_ref-5\" class=\"reference\"><a href=\"https:\/\/en.wikipedia.org\/wiki\/Bert_Hellinger#cite_note-5\">[5]<\/a><\/sup> He was deeply impressed by the way their methods showed it was possible for opposites to become reconciled through mutual respect.<\/p>\n<p dir=\"ltr\">The beginning of his interest in <a title=\"Phenomenology (philosophy)\" href=\"https:\/\/en.wikipedia.org\/wiki\/Phenomenology_(philosophy)\">phenomenology<\/a> coincided with the unfolding dissolution of his vows to the priesthood. Hellinger tells how one of the trainers asked the group, &#8220;What is more important to you, your ideals or people? Which would you sacrifice for the other?&#8221; This was not merely a philosophical riddle to him. He was acutely sensitive to how the Nazi regime sacrificed human beings in service of ideals. He says, &#8220;In a sense, the question changed my life. A fundamental orientation toward people has shaped all my work since.&#8221;<\/p>\n<p dir=\"ltr\">After leaving the priesthood, he met his first wife, Herta, and was married, shortly after returning to Germany. He spent several years in the early 1970s in <a title=\"Vienna\" href=\"https:\/\/en.wikipedia.org\/wiki\/Vienna\">Vienna<\/a> training in a classical course in <a title=\"Psychoanalysis\" href=\"https:\/\/en.wikipedia.org\/wiki\/Psychoanalysis\">psychoanalysis<\/a> at the Wiener Arbeitskreis f\u00fcr Tiefenpsychologie (Viennese Association for Depth Psychology). He completed his training at the M\u00fcnchner Arbeitsgemeinschaft f\u00fcr Psychoanalyse (Munich Psychoanalytic Training Institute) and was accepted as a practicing member of their professional association.<\/p>\n<p dir=\"ltr\">In 1973, he left Germany for a second time and traveled to the United States to be trained for 9 months by <a title=\"Arthur Janov\" href=\"https:\/\/en.wikipedia.org\/wiki\/Arthur_Janov\">Arthur Janov<\/a>.<span style=\"font-size: 13.3333px;\">&nbsp;<\/span>There were many important influences that shaped his approach. One of the most significant was <a title=\"Eric Berne\" href=\"https:\/\/en.wikipedia.org\/wiki\/Eric_Berne\">Eric Berne<\/a> and <a class=\"mw-redirect\" title=\"Transactional Analysis\" href=\"https:\/\/en.wikipedia.org\/wiki\/Transactional_Analysis\">Transactional Analysis<\/a>.<\/p>\n<p dir=\"ltr\">Nearing age 70, he had neither documented his insights and approach nor trained students to carry on his methods. He agreed for German <a title=\"Psychiatrist\" href=\"https:\/\/en.wikipedia.org\/wiki\/Psychiatrist\">psychiatrist<\/a> Gunthard Weber to record and edit a series of workshop transcripts. Weber published the book himself in 1993 under the title Zweierlei Gl\u00fcck [Capricious Good Fortune; aka Second Chance]. During the next 15 years, he authored or co-authored 30 books.<\/p>\n<p dir=\"ltr\">Hellinger travelled widely, delivering lectures, workshops and training courses throughout <a title=\"Europe\" href=\"https:\/\/en.wikipedia.org\/wiki\/Europe\">Europe<\/a>, the United States, Central and South America, Russia, China, and Japan. Hellinger alienated some potential colleagues and supporters by his idiosyncratic behaviour, such as making sweeping statements that reduced complex issues to single root causes or his manner of sometimes addressing clients in a caustic, authoritarian tone. Many practitioners distance themselves from the method&#8217;s founding figure. Many others continued their association, integrating the further developments into their own practices.<\/p>\n<p dir=\"ltr\">Hellinger and his second wife Maria Sophie Hellinger operate the Hellinger School<\/p>\n<p dir=\"ltr\">(With thanks to Wikipedia)<\/p>\n<h2 dir=\"ltr\">&nbsp;<\/h2>\n","protected":false},"excerpt":{"rendered":"<p>Anton Hellinger was born into a Catholic family in Germany in 1925. Hellinger states that his parents&#8217; &#8220;particular form of [&hellip;]<\/p>\n","protected":false},"author":1,"featured_media":0,"parent":0,"menu_order":7,"comment_status":"closed","ping_status":"closed","template":"","meta":{"_acf_changed":false,"site-sidebar-layout":"default","site-content-layout":"","ast-site-content-layout":"default","site-content-style":"default","site-sidebar-style":"default","ast-global-header-display":"","ast-banner-title-visibility":"","ast-main-header-display":"","ast-hfb-above-header-display":"","ast-hfb-below-header-display":"","ast-hfb-mobile-header-display":"","site-post-title":"","ast-breadcrumbs-content":"","ast-featured-img":"","footer-sml-layout":"","ast-disable-related-posts":"","theme-transparent-header-meta":"","adv-header-id-meta":"","stick-header-meta":"","header-above-stick-meta":"","header-main-stick-meta":"","header-below-stick-meta":"","astra-migrate-meta-layouts":"default","ast-page-background-enabled":"default","ast-page-background-meta":{"desktop":{"background-color":"","background-image":"","background-repeat":"repeat","background-position":"center center","background-size":"auto","background-attachment":"scroll","background-type":"","background-media":"","overlay-type":"","overlay-color":"","overlay-opacity":"","overlay-gradient":""},"tablet":{"background-color":"","background-image":"","background-repeat":"repeat","background-position":"center center","background-size":"auto","background-attachment":"scroll","background-type":"","background-media":"","overlay-type":"","overlay-color":"","overlay-opacity":"","overlay-gradient":""},"mobile":{"background-color":"","background-image":"","background-repeat":"repeat","background-position":"center center","background-size":"auto","background-attachment":"scroll","background-type":"","background-media":"","overlay-type":"","overlay-color":"","overlay-opacity":"","overlay-gradient":""}},"ast-content-background-meta":{"desktop":{"background-color":"var(--ast-global-color-5)","background-image":"","background-repeat":"repeat","background-position":"center center","background-size":"auto","background-attachment":"scroll","background-type":"","background-media":"","overlay-type":"","overlay-color":"","overlay-opacity":"","overlay-gradient":""},"tablet":{"background-color":"var(--ast-global-color-5)","background-image":"","background-repeat":"repeat","background-position":"center center","background-size":"auto","background-attachment":"scroll","background-type":"","background-media":"","overlay-type":"","overlay-color":"","overlay-opacity":"","overlay-gradient":""},"mobile":{"background-color":"var(--ast-global-color-5)","background-image":"","background-repeat":"repeat","background-position":"center center","background-size":"auto","background-attachment":"scroll","background-type":"","background-media":"","overlay-type":"","overlay-color":"","overlay-opacity":"","overlay-gradient":""}},"footnotes":""},"class_list":["post-2940","page","type-page","status-publish","hentry"],"acf":[],"yoast_head":"<!-- This site is optimized with the Yoast SEO Premium plugin v26.7 (Yoast SEO v26.7) - https:\/\/yoast.com\/wordpress\/plugins\/seo\/ -->\n<title>Bert Hellinger - \u05d3\u05e8\u05da \u05d4\u05e7\u05d5\u05e0\u05e1\u05d8\u05dc\u05e6\u05d9\u05d4<\/title>\n<meta name=\"robots\" content=\"index, follow, max-snippet:-1, max-image-preview:large, max-video-preview:-1\" \/>\n<link rel=\"canonical\" href=\"https:\/\/the-constellations-path.com\/en\/bert-hellinger\/\" \/>\n<meta property=\"og:locale\" content=\"en_US\" \/>\n<meta property=\"og:type\" content=\"article\" \/>\n<meta property=\"og:title\" content=\"Bert Hellinger\" \/>\n<meta property=\"og:description\" content=\"Anton Hellinger was born into a Catholic family in Germany in 1925. Hellinger states that his parents&#8217; &#8220;particular form of [&hellip;]\" \/>\n<meta property=\"og:url\" content=\"https:\/\/the-constellations-path.com\/en\/bert-hellinger\/\" \/>\n<meta property=\"og:site_name\" content=\"\u05d3\u05e8\u05da \u05d4\u05e7\u05d5\u05e0\u05e1\u05d8\u05dc\u05e6\u05d9\u05d4\" \/>\n<meta property=\"article:modified_time\" content=\"2023-01-30T11:39:54+00:00\" \/>\n<meta property=\"og:image\" content=\"https:\/\/constellations.org.il\/stage\/wp-content\/uploads\/Bert_Hellinger-208x300.jpg\" \/>\n<meta name=\"twitter:label1\" content=\"Est. reading time\" \/>\n\t<meta name=\"twitter:data1\" content=\"5 minutes\" \/>\n<script type=\"application\/ld+json\" class=\"yoast-schema-graph\">{\"@context\":\"https:\/\/schema.org\",\"@graph\":[{\"@type\":\"WebPage\",\"@id\":\"https:\/\/the-constellations-path.com\/en\/bert-hellinger\/\",\"url\":\"https:\/\/the-constellations-path.com\/en\/bert-hellinger\/\",\"name\":\"Bert Hellinger - \u05d3\u05e8\u05da \u05d4\u05e7\u05d5\u05e0\u05e1\u05d8\u05dc\u05e6\u05d9\u05d4\",\"isPartOf\":{\"@id\":\"https:\/\/the-constellations-path.com\/#website\"},\"primaryImageOfPage\":{\"@id\":\"https:\/\/the-constellations-path.com\/en\/bert-hellinger\/#primaryimage\"},\"image\":{\"@id\":\"https:\/\/the-constellations-path.com\/en\/bert-hellinger\/#primaryimage\"},\"thumbnailUrl\":\"https:\/\/constellations.org.il\/stage\/wp-content\/uploads\/Bert_Hellinger-208x300.jpg\",\"datePublished\":\"2016-09-26T04:39:36+00:00\",\"dateModified\":\"2023-01-30T11:39:54+00:00\",\"breadcrumb\":{\"@id\":\"https:\/\/the-constellations-path.com\/en\/bert-hellinger\/#breadcrumb\"},\"inLanguage\":\"en-US\",\"potentialAction\":[{\"@type\":\"ReadAction\",\"target\":[\"https:\/\/the-constellations-path.com\/en\/bert-hellinger\/\"]}]},{\"@type\":\"ImageObject\",\"inLanguage\":\"en-US\",\"@id\":\"https:\/\/the-constellations-path.com\/en\/bert-hellinger\/#primaryimage\",\"url\":\"https:\/\/constellations.org.il\/stage\/wp-content\/uploads\/Bert_Hellinger-208x300.jpg\",\"contentUrl\":\"https:\/\/constellations.org.il\/stage\/wp-content\/uploads\/Bert_Hellinger-208x300.jpg\"},{\"@type\":\"BreadcrumbList\",\"@id\":\"https:\/\/the-constellations-path.com\/en\/bert-hellinger\/#breadcrumb\",\"itemListElement\":[{\"@type\":\"ListItem\",\"position\":1,\"name\":\"\u05d3\u05e3 \u05d4\u05d1\u05d9\u05ea\",\"item\":\"https:\/\/the-constellations-path.com\/en\/\"},{\"@type\":\"ListItem\",\"position\":2,\"name\":\"Bert Hellinger\"}]},{\"@type\":\"WebSite\",\"@id\":\"https:\/\/the-constellations-path.com\/#website\",\"url\":\"https:\/\/the-constellations-path.com\/\",\"name\":\"\u05d3\u05e8\u05da \u05d4\u05e7\u05d5\u05e0\u05e1\u05d8\u05dc\u05e6\u05d9\u05d4\",\"description\":\"\u05d1\u05d9\u05d4&quot;\u05e1 \u05dc\u05dc\u05d9\u05de\u05d5\u05d3\u05d9 \u05d4\u05e7\u05d5\u05e0\u05e1\u05d8\u05dc\u05e6\u05d9\u05d4 \u05d4\u05de\u05e2\u05e8\u05db\u05ea\u05d9\u05ea \u05de\u05d9\u05d9\u05e1\u05d5\u05d3\u05d5 \u05e9\u05dc \u05d9\u05e9\u05d9 \u05d2\u05e1\u05d8\u05e8\",\"publisher\":{\"@id\":\"https:\/\/the-constellations-path.com\/#organization\"},\"potentialAction\":[{\"@type\":\"SearchAction\",\"target\":{\"@type\":\"EntryPoint\",\"urlTemplate\":\"https:\/\/the-constellations-path.com\/?s={search_term_string}\"},\"query-input\":{\"@type\":\"PropertyValueSpecification\",\"valueRequired\":true,\"valueName\":\"search_term_string\"}}],\"inLanguage\":\"en-US\"},{\"@type\":\"Organization\",\"@id\":\"https:\/\/the-constellations-path.com\/#organization\",\"name\":\"\u05d3\u05e8\u05da \u05d4\u05e7\u05d5\u05e0\u05e1\u05d8\u05dc\u05e6\u05d9\u05d4\",\"url\":\"https:\/\/the-constellations-path.com\/\",\"logo\":{\"@type\":\"ImageObject\",\"inLanguage\":\"en-US\",\"@id\":\"https:\/\/the-constellations-path.com\/#\/schema\/logo\/image\/\",\"url\":\"https:\/\/the-constellations-path.com\/wp-content\/uploads\/kigi-constallaion-dark-2.svg\",\"contentUrl\":\"https:\/\/the-constellations-path.com\/wp-content\/uploads\/kigi-constallaion-dark-2.svg\",\"caption\":\"\u05d3\u05e8\u05da \u05d4\u05e7\u05d5\u05e0\u05e1\u05d8\u05dc\u05e6\u05d9\u05d4\"},\"image\":{\"@id\":\"https:\/\/the-constellations-path.com\/#\/schema\/logo\/image\/\"}}]}<\/script>\n<!-- \/ Yoast SEO Premium plugin. -->","yoast_head_json":{"title":"Bert Hellinger - \u05d3\u05e8\u05da \u05d4\u05e7\u05d5\u05e0\u05e1\u05d8\u05dc\u05e6\u05d9\u05d4","robots":{"index":"index","follow":"follow","max-snippet":"max-snippet:-1","max-image-preview":"max-image-preview:large","max-video-preview":"max-video-preview:-1"},"canonical":"https:\/\/the-constellations-path.com\/en\/bert-hellinger\/","og_locale":"en_US","og_type":"article","og_title":"Bert Hellinger","og_description":"Anton Hellinger was born into a Catholic family in Germany in 1925. Hellinger states that his parents&#8217; &#8220;particular form of [&hellip;]","og_url":"https:\/\/the-constellations-path.com\/en\/bert-hellinger\/","og_site_name":"\u05d3\u05e8\u05da \u05d4\u05e7\u05d5\u05e0\u05e1\u05d8\u05dc\u05e6\u05d9\u05d4","article_modified_time":"2023-01-30T11:39:54+00:00","og_image":[{"url":"https:\/\/constellations.org.il\/stage\/wp-content\/uploads\/Bert_Hellinger-208x300.jpg","type":"","width":"","height":""}],"twitter_misc":{"Est. reading time":"5 minutes"},"schema":{"@context":"https:\/\/schema.org","@graph":[{"@type":"WebPage","@id":"https:\/\/the-constellations-path.com\/en\/bert-hellinger\/","url":"https:\/\/the-constellations-path.com\/en\/bert-hellinger\/","name":"Bert Hellinger - \u05d3\u05e8\u05da \u05d4\u05e7\u05d5\u05e0\u05e1\u05d8\u05dc\u05e6\u05d9\u05d4","isPartOf":{"@id":"https:\/\/the-constellations-path.com\/#website"},"primaryImageOfPage":{"@id":"https:\/\/the-constellations-path.com\/en\/bert-hellinger\/#primaryimage"},"image":{"@id":"https:\/\/the-constellations-path.com\/en\/bert-hellinger\/#primaryimage"},"thumbnailUrl":"https:\/\/constellations.org.il\/stage\/wp-content\/uploads\/Bert_Hellinger-208x300.jpg","datePublished":"2016-09-26T04:39:36+00:00","dateModified":"2023-01-30T11:39:54+00:00","breadcrumb":{"@id":"https:\/\/the-constellations-path.com\/en\/bert-hellinger\/#breadcrumb"},"inLanguage":"en-US","potentialAction":[{"@type":"ReadAction","target":["https:\/\/the-constellations-path.com\/en\/bert-hellinger\/"]}]},{"@type":"ImageObject","inLanguage":"en-US","@id":"https:\/\/the-constellations-path.com\/en\/bert-hellinger\/#primaryimage","url":"https:\/\/constellations.org.il\/stage\/wp-content\/uploads\/Bert_Hellinger-208x300.jpg","contentUrl":"https:\/\/constellations.org.il\/stage\/wp-content\/uploads\/Bert_Hellinger-208x300.jpg"},{"@type":"BreadcrumbList","@id":"https:\/\/the-constellations-path.com\/en\/bert-hellinger\/#breadcrumb","itemListElement":[{"@type":"ListItem","position":1,"name":"\u05d3\u05e3 \u05d4\u05d1\u05d9\u05ea","item":"https:\/\/the-constellations-path.com\/en\/"},{"@type":"ListItem","position":2,"name":"Bert Hellinger"}]},{"@type":"WebSite","@id":"https:\/\/the-constellations-path.com\/#website","url":"https:\/\/the-constellations-path.com\/","name":"\u05d3\u05e8\u05da \u05d4\u05e7\u05d5\u05e0\u05e1\u05d8\u05dc\u05e6\u05d9\u05d4","description":"\u05d1\u05d9\u05d4&quot;\u05e1 \u05dc\u05dc\u05d9\u05de\u05d5\u05d3\u05d9 \u05d4\u05e7\u05d5\u05e0\u05e1\u05d8\u05dc\u05e6\u05d9\u05d4 \u05d4\u05de\u05e2\u05e8\u05db\u05ea\u05d9\u05ea \u05de\u05d9\u05d9\u05e1\u05d5\u05d3\u05d5 \u05e9\u05dc \u05d9\u05e9\u05d9 \u05d2\u05e1\u05d8\u05e8","publisher":{"@id":"https:\/\/the-constellations-path.com\/#organization"},"potentialAction":[{"@type":"SearchAction","target":{"@type":"EntryPoint","urlTemplate":"https:\/\/the-constellations-path.com\/?s={search_term_string}"},"query-input":{"@type":"PropertyValueSpecification","valueRequired":true,"valueName":"search_term_string"}}],"inLanguage":"en-US"},{"@type":"Organization","@id":"https:\/\/the-constellations-path.com\/#organization","name":"\u05d3\u05e8\u05da \u05d4\u05e7\u05d5\u05e0\u05e1\u05d8\u05dc\u05e6\u05d9\u05d4","url":"https:\/\/the-constellations-path.com\/","logo":{"@type":"ImageObject","inLanguage":"en-US","@id":"https:\/\/the-constellations-path.com\/#\/schema\/logo\/image\/","url":"https:\/\/the-constellations-path.com\/wp-content\/uploads\/kigi-constallaion-dark-2.svg","contentUrl":"https:\/\/the-constellations-path.com\/wp-content\/uploads\/kigi-constallaion-dark-2.svg","caption":"\u05d3\u05e8\u05da \u05d4\u05e7\u05d5\u05e0\u05e1\u05d8\u05dc\u05e6\u05d9\u05d4"},"image":{"@id":"https:\/\/the-constellations-path.com\/#\/schema\/logo\/image\/"}}]}},"_links":{"self":[{"href":"https:\/\/the-constellations-path.com\/en\/wp-json\/wp\/v2\/pages\/2940","targetHints":{"allow":["GET"]}}],"collection":[{"href":"https:\/\/the-constellations-path.com\/en\/wp-json\/wp\/v2\/pages"}],"about":[{"href":"https:\/\/the-constellations-path.com\/en\/wp-json\/wp\/v2\/types\/page"}],"author":[{"embeddable":true,"href":"https:\/\/the-constellations-path.com\/en\/wp-json\/wp\/v2\/users\/1"}],"replies":[{"embeddable":true,"href":"https:\/\/the-constellations-path.com\/en\/wp-json\/wp\/v2\/comments?post=2940"}],"version-history":[{"count":3,"href":"https:\/\/the-constellations-path.com\/en\/wp-json\/wp\/v2\/pages\/2940\/revisions"}],"predecessor-version":[{"id":8997,"href":"https:\/\/the-constellations-path.com\/en\/wp-json\/wp\/v2\/pages\/2940\/revisions\/8997"}],"wp:attachment":[{"href":"https:\/\/the-constellations-path.com\/en\/wp-json\/wp\/v2\/media?parent=2940"}],"curies":[{"name":"wp","href":"https:\/\/api.w.org\/{rel}","templated":true}]}}